{"id":7,"date":"2020-09-23T09:40:58","date_gmt":"2020-09-23T07:40:58","guid":{"rendered":"http:\/\/cabinet-kangourou.fr\/?page_id=7"},"modified":"2025-03-26T11:37:16","modified_gmt":"2025-03-26T10:37:16","slug":"le-nouveau-e-mucem-ouvre-ses-portes-2","status":"publish","type":"page","link":"https:\/\/cabinet-kangourou.fr\/","title":{"rendered":"Accueil"},"content":{"rendered":"\r\n<div class=\"wp-block-group is-layout-flow wp-block-group-is-layout-flow\"><div class=\"wp-block-group__inner-container\">\r\n<h2 class=\"wp-block-group__inner-container text-center font_h2\">Bienvenue sur le site du Cabinet Kangourou!<\/h2>\r\n<\/div><\/div>\r\n\r\n\r\n\r\n<div class=\"alignwide\">\r\n<p class=\"text-center font_text\">L\u2019\u00e9quipe du Cabinet Kangourou est heureuse de vous accueillir dans un espace enti\u00e8rement d\u00e9di\u00e9 \u00e0 la prise en charge pr\u00e9coce de l\u2019enfant et de sa famille.<\/p>\r\n<p class=\"text-center font_text\">\u00a0Notre \u00e9quipe de <span class=\"clr-secondary\"><strong>kin\u00e9sith\u00e9rapeutes, psychomotriciennes, psychologue, praticienne EFT <\/strong><\/span>, est l\u00e0 pour r\u00e9pondre aux besoins de l\u2019enfant et proposer une<span class=\"clr-secondary\"> <strong>prise en charge pluridisciplinaire coordonn\u00e9e<\/strong>\u00a0<\/span> au sein d\u2019une m\u00eame structure.<\/p>\r\n<p class=\"text-center font_text\">La conception de ce projet pluridisciplinaire est la concr\u00e9tisation d\u2019une volont\u00e9 profonde de r\u00e9unir une \u00e9quipe de professionnels partageant la m\u00eame philosophie :<span class=\"clr-secondary\"><strong> croiser nos regards<\/strong> <strong>autour de l\u2019enfant<\/strong><\/span>\u00a0pour le guider au mieux dans<span class=\"clr-secondary\"> <strong>son propre chemin de d\u00e9veloppement sensori-moteur et affectif\u00a0<\/strong>.<\/span><\/p>\r\n<p class=\"text-center font_text\">Tout cela ne peut se concevoir qu\u2019au travers du prisme de\u00a0<span class=\"clr-secondary\"> <strong>l&rsquo;enfant au c\u0153ur de sa famille.<\/strong><\/span><\/p>\r\n<p class=\"text-center font_text\">De cette n\u00e9cessit\u00e9, \u00e9mane notre souhait d&rsquo;impliquer les parents dans une guidance et un soutien parental. Nous voulons permettre au mieux\u00a0\u00e0\u00a0chaque famille de trouver sa place, \u00e0 part enti\u00e8re, dans la progression de leur enfant, en leur proposant un accompagnement global s&rsquo;appuyant sur nos regards crois\u00e9s lorsque cela est possible et n\u00e9cessaire.<\/p>\r\n<\/div>\r\n\r\n<div class=\"alignwide paragraphe_border is-layout-flow wp-block-group-is-layout-flow\">\r\n<h2 class=\"font_h2 text-center\">Informations importantes<\/h2>\r\n<p class=\"font_text text-center\">Nous accueillons essentiellement des enfants de moins de 3 ans en psychomotricit\u00e9, nous vous r\u00e9orienterons vers d&rsquo;autres professionnels si nous ne sommes pas en mesure de pouvoir faire le suivi de votre enfant<\/p>\r\n<p class=\"font_text text-center\">En kin\u00e9sith\u00e9rapie nous accueillons les enfants d\u00e8s la sortie de la maternit\u00e9 <\/p> \r\n<p class=\"font_text text-center\">Notre psychologue peut accueillir des enfants plus grands (\u00e9cole \u00e9l\u00e9mentaire) ainsi que leur famille <\/p> \r\n<!--Slider-->\r\n\r\n\r\n<\/div>\r\n<!-- \/wp:group -->\r\n<p>&nbsp;<\/p>\r\n<!-- wp:metaslider\/slider -->\r\n<div id=\"metaslider-id-77\" style=\"max-width: 605px; margin: 0 auto;\" class=\"ml-slider-3-28-3 metaslider metaslider-flex metaslider-77 ml-slider\">\n    <div id=\"metaslider_container_77\">\n        <div id=\"metaslider_77\">\n            <ul aria-live=\"polite\" class=\"slides\">\n                <li style=\"display: block; width: 100%;\" class=\"slide-636 ms-image\"><img src=\"https:\/\/cabinet-kangourou.fr\/wp-content\/uploads\/2020\/11\/Exterieur_2.jpg\" height=\"449\" width=\"605\" alt=\"Cabinet Kangourou Poitiers - Facade\" class=\"slider-77 slide-636\" title=\"Cabinet Kangourou Poitiers - Facade\" \/><div class=\"caption-wrap\"><div class=\"caption\">Cabinet Kangourou Poitiers - Facade<\/div><\/div><\/li>\n                <li style=\"display: none; width: 100%;\" class=\"slide-635 ms-image\"><img src=\"https:\/\/cabinet-kangourou.fr\/wp-content\/uploads\/2020\/11\/Exterieur_3.jpg\" height=\"449\" width=\"605\" alt=\"Cabinet Kangourou Poitiers - Facade\" class=\"slider-77 slide-635\" title=\"Cabinet Kangourou Poitiers - Facade\" \/><div class=\"caption-wrap\"><div class=\"caption\">Cabinet Kangourou Poitiers - Facade<\/div><\/div><\/li>\n                <li style=\"display: none; width: 100%;\" class=\"slide-626 ms-image\"><img src=\"https:\/\/cabinet-kangourou.fr\/wp-content\/uploads\/2020\/11\/Couloir_1.jpg\" height=\"449\" width=\"605\" alt=\"Cabinet Kangourou Poitiers - Couloir\" class=\"slider-77 slide-626\" title=\"Cabinet Kangourou Poitiers - Couloir\" \/><div class=\"caption-wrap\"><div class=\"caption\">Cabinet Kangourou Poitiers - Couloir<\/div><\/div><\/li>\n                <li style=\"display: none; width: 100%;\" class=\"slide-625 ms-image\"><img src=\"https:\/\/cabinet-kangourou.fr\/wp-content\/uploads\/2020\/11\/Couloir_2.jpg\" height=\"449\" width=\"605\" alt=\"Cabinet Kangourou Poitiers - Couloir\" class=\"slider-77 slide-625\" title=\"Cabinet Kangourou Poitiers - Couloir\" \/><div class=\"caption-wrap\"><div class=\"caption\">Cabinet Kangourou Poitiers - Couloir<\/div><\/div><\/li>\n                <li style=\"display: none; width: 100%;\" class=\"slide-628 ms-image\"><img src=\"https:\/\/cabinet-kangourou.fr\/wp-content\/uploads\/2020\/11\/Salle_3.jpg\" height=\"449\" width=\"605\" alt=\"Cabinet Kangourou Poitiers - Salle Psychomotricit\u00e9\" class=\"slider-77 slide-628\" title=\"Cabinet Kangourou Poitiers - Salle Psychomotricit\u00e9\" \/><div class=\"caption-wrap\"><div class=\"caption\">Cabinet Kangourou Poitiers - Salle Psychomotricit\u00e9<\/div><\/div><\/li>\n                <li style=\"display: none; width: 100%;\" class=\"slide-629 ms-image\"><img src=\"https:\/\/cabinet-kangourou.fr\/wp-content\/uploads\/2020\/11\/Salle_4.jpg\" height=\"449\" width=\"605\" alt=\"Cabinet Kangourou Poitiers - Salle Kin\u00e9sith\u00e9rapie\" class=\"slider-77 slide-629\" title=\"Cabinet Kangourou Poitiers - Salle Kin\u00e9sith\u00e9rapie\" \/><div class=\"caption-wrap\"><div class=\"caption\">Cabinet Kangourou Poitiers - Salle Kin\u00e9sith\u00e9rapie<\/div><\/div><\/li>\n                <li style=\"display: none; width: 100%;\" class=\"slide-630 ms-image\"><img src=\"https:\/\/cabinet-kangourou.fr\/wp-content\/uploads\/2020\/11\/Salle_2_2.jpg\" height=\"449\" width=\"605\" alt=\"Cabinet Kangourou Poitiers - Salle Accompagnement \u00e0 la parentalit\u00e9\" class=\"slider-77 slide-630\" title=\"Cabinet Kangourou Poitiers - Salle Accompagnement \u00e0 la parentalit\u00e9\" \/><div class=\"caption-wrap\"><div class=\"caption\">Cabinet Kangourou Poitiers - Salle Accompagnement \u00e0 la parentalit\u00e9<\/div><\/div><\/li>\n                <li style=\"display: none; width: 100%;\" class=\"slide-631 ms-image\"><img src=\"https:\/\/cabinet-kangourou.fr\/wp-content\/uploads\/2020\/11\/Salle_2_1.jpg\" height=\"449\" width=\"605\" alt=\"Cabinet Kangourou Poitiers - Salle Accompagnement \u00e0 la parentalit\u00e9\" class=\"slider-77 slide-631\" title=\"Cabinet Kangourou Poitiers - Salle Accompagnement \u00e0 la parentalit\u00e9\" \/><div class=\"caption-wrap\"><div class=\"caption\">Cabinet Kangourou Poitiers - Salle Accompagnement \u00e0 la parentalit\u00e9<\/div><\/div><\/li>\n                <li style=\"display: none; width: 100%;\" class=\"slide-632 ms-image\"><img src=\"https:\/\/cabinet-kangourou.fr\/wp-content\/uploads\/2020\/11\/Salle_1_2.jpg\" height=\"449\" width=\"605\" alt=\"Cabinet Kangourou Poitiers - Salle Kin\u00e9sith\u00e9rapie\" class=\"slider-77 slide-632\" title=\"Cabinet Kangourou Poitiers - Salle Kin\u00e9sith\u00e9rapie\" \/><div class=\"caption-wrap\"><div class=\"caption\">Cabinet Kangourou Poitiers - Salle Kin\u00e9sith\u00e9rapie<\/div><\/div><\/li>\n                <li style=\"display: none; width: 100%;\" class=\"slide-633 ms-image\"><img src=\"https:\/\/cabinet-kangourou.fr\/wp-content\/uploads\/2020\/11\/Salle_1_1.jpg\" height=\"449\" width=\"605\" alt=\"Cabinet Kangourou Poitiers - Salle Kin\u00e9sith\u00e9rapie\" class=\"slider-77 slide-633\" title=\"Cabinet Kangourou Poitiers - Salle Kin\u00e9sith\u00e9rapie\" \/><div class=\"caption-wrap\"><div class=\"caption\">Cabinet Kangourou Poitiers - Salle Kin\u00e9sith\u00e9rapie<\/div><\/div><\/li>\n                <li style=\"display: none; width: 100%;\" class=\"slide-634 ms-image\"><img src=\"https:\/\/cabinet-kangourou.fr\/wp-content\/uploads\/2020\/11\/Gymnase.jpg\" height=\"449\" width=\"605\" alt=\"\" class=\"slider-77 slide-634\" title=\"Gymnase\" \/><\/li>\n                <li style=\"display: none; width: 100%;\" class=\"slide-627 ms-image\"><img src=\"https:\/\/cabinet-kangourou.fr\/wp-content\/uploads\/2020\/11\/Salle_zen.jpg\" height=\"449\" width=\"605\" alt=\"Cabinet Kangourou Poitiers - Salle Zen\" class=\"slider-77 slide-627\" title=\"Cabinet Kangourou Poitiers - Salle Zen\" \/><div class=\"caption-wrap\"><div class=\"caption\">Cabinet Kangourou Poitiers - Salle Zen<\/div><\/div><\/li>\n            <\/ul>\n        <\/div>\n        \n    <\/div>\n<\/div>\r\n<!-- \/wp:metaslider\/slider -->\r\n<p>&nbsp;<\/p>","protected":false},"excerpt":{"rendered":"<p>Bienvenue sur le site du Cabinet Kangourou! &nbsp; &nbsp;<\/p>\n","protected":false},"author":2,"featured_media":0,"parent":0,"menu_order":0,"comment_status":"closed","ping_status":"closed","template":"","meta":{"footnotes":"","_mc_calendar":[]},"_links":{"self":[{"href":"https:\/\/cabinet-kangourou.fr\/index.php\/wp-json\/wp\/v2\/pages\/7"}],"collection":[{"href":"https:\/\/cabinet-kangourou.fr\/index.php\/wp-json\/wp\/v2\/pages"}],"about":[{"href":"https:\/\/cabinet-kangourou.fr\/index.php\/wp-json\/wp\/v2\/types\/page"}],"author":[{"embeddable":true,"href":"https:\/\/cabinet-kangourou.fr\/index.php\/wp-json\/wp\/v2\/users\/2"}],"replies":[{"embeddable":true,"href":"https:\/\/cabinet-kangourou.fr\/index.php\/wp-json\/wp\/v2\/comments?post=7"}],"version-history":[{"count":131,"href":"https:\/\/cabinet-kangourou.fr\/index.php\/wp-json\/wp\/v2\/pages\/7\/revisions"}],"predecessor-version":[{"id":1314,"href":"https:\/\/cabinet-kangourou.fr\/index.php\/wp-json\/wp\/v2\/pages\/7\/revisions\/1314"}],"wp:attachment":[{"href":"https:\/\/cabinet-kangourou.fr\/index.php\/wp-json\/wp\/v2\/media?parent=7"}],"curies":[{"name":"wp","href":"https:\/\/api.w.org\/{rel}","templated":true}]}}