{"id":8,"date":"2020-09-23T09:40:58","date_gmt":"2020-09-23T07:40:58","guid":{"rendered":"http:\/\/cabinet-kangourou.fr\/?page_id=8"},"modified":"2023-04-02T22:38:53","modified_gmt":"2023-04-02T20:38:53","slug":"team","status":"publish","type":"page","link":"https:\/\/cabinet-kangourou.fr\/index.php\/team\/","title":{"rendered":"L&rsquo;\u00e9quipe"},"content":{"rendered":"<section>\n<div id=\"btn-top-scroll-team\" class=\"bloc-btn\">\n<div class=\"btn-team-rounds\"><button id=\"btnRound-team-1\" class=\"btn-rounds\" type=\"button\">Kin\u00e9sith\u00e9rapeutes<\/button><\/div>\n<div class=\"btn-team-rounds\"><button id=\"btnRound-team-2\" class=\"btn-rounds\" type=\"button\">Psychomotricienne<\/button><\/div>\n<div class=\"btn-team-rounds\"><button id=\"btnRound-team-3\" class=\"btn-rounds\" type=\"button\">Psychologue<\/button><\/div>\n<div class=\"btn-team-rounds\"><button id=\"btnRound-team-4\" class=\"btn-rounds\" type=\"button\">Intervenants<\/button><\/div>\n<\/div>\n<\/section>\n<p>&nbsp;<\/p>\n<p><!-- Team Member Morgane DORE --><\/p>\n<div class=\"team-member wp-block-group group1 left invisible\">\n<p><!-- team picture --><\/p>\n<div class=\"header-team\">\n<figure class=\"wp-block-image size-large is-resized team-member_img\"><img decoding=\"async\" loading=\"lazy\" class=\"alignnone wp-image-366 size-full\" src=\"https:\/\/cabinet-kangourou.fr\/wp-content\/uploads\/2020\/10\/dore_morgane_200px.png\" alt=\"Morgane Dor\u00e9 picture\" width=\"200\" height=\"200\" srcset=\"https:\/\/cabinet-kangourou.fr\/wp-content\/uploads\/2020\/10\/dore_morgane_200px.png 200w, https:\/\/cabinet-kangourou.fr\/wp-content\/uploads\/2020\/10\/dore_morgane_200px-150x150.png 150w\" sizes=\"(max-width: 200px) 100vw, 200px\" \/><\/figure>\n<div class=\"wp-block-group team-member_info title\">\n<h2 class=\"text-left responsive-text-center clr-primary font_h2\">Morgane DORE<\/h2>\n<h3 class=\"text-left responsive-text-center font_h2\">Kin\u00e9sit\u00e9rapeute Dipl\u00f4m\u00e9e d&rsquo;Etat<\/h3>\n<\/div>\n<\/div>\n<p><!--Team member Informations --><\/p>\n<div class=\"wp-block-group team-member_info\">\n<div class=\"wp-block-group__inner-container\">\n<div class=\"alignwide\">\n<p class=\"text-justify font_text\">Ayant toujours souhait\u00e9 travailler pour le <b>bien-\u00eatre d&rsquo;autrui<\/b> et particuli\u00e8rement aupr\u00e8s d&rsquo;enfants et nouveaux-n\u00e9s; c&rsquo;est apr\u00e8s la premi\u00e8re ann\u00e9e de m\u00e9decine que j&rsquo;ai d\u00e9cid\u00e9 de m&rsquo;orienter vers la kin\u00e9sith\u00e9rapie. Ma formation m&rsquo;a permis de d\u00e9couvrir diff\u00e9rents aspects de ce m\u00e9tier et cela m&rsquo;a confort\u00e9 dans mon souhait de travailler en p\u00e9diatrie.<\/p>\n<p class=\"text-justify font_text\">Depuis l\u2019obtention de mon dipl\u00f4me en 2015, j&rsquo;ai consolid\u00e9 mon cursus en suivant des <b>formations sp\u00e9cialis\u00e9es ainsi qu&rsquo;un dipl\u00f4me universitaire<\/b>. Cet apport de connaissances me permet aujourd&rsquo;hui de me consacrer uniquement aux soins autour de l&rsquo;enfant et de sa famille et m&rsquo;apporte un \u00e9panouissement personnel et professionnel.<\/p>\n<\/div>\n<ul class=\"font_list\">\n<li><strong>D.U de Rep\u00e9rage et prise en charge pr\u00e9coce du nourrisson vuln\u00e9rable<\/strong> (Toulouse 2019)<\/li>\n<li>Intervenante pour les pratiques des cours du module de P\u00e9diatrie \u00e0 l&rsquo;IFMK de Poitiers<\/li>\n<li>Formations en <strong>r\u00e9\u00e9ducation sensori-motrice<\/strong> et cha\u00eenes physiologiques de Busquet B\u00e9b\u00e9.<\/li>\n<li>Formation<strong> r\u00e9flexologie plantaire du nourrisson<\/strong><\/li>\n<li>Prise en charge des <strong>torticolis et plagioc\u00e9phalies<\/strong><\/li>\n<li>Prise en charge des <strong>malformations et malpositions du pied <\/strong>du nourrisson et de l\u2019enfant<\/li>\n<\/ul>\n<\/div>\n<\/div>\n<p><!--END Team member Informations --><\/p>\n<\/div>\n<p><!-- END Team Member --><\/p>\n<p><!-- Team Member LE LEIZOUR Nathalie --><\/p>\n<div class=\"team-member wp-block-group row-reverse group1 right invisible\">\n<p><!-- team picture --><\/p>\n<div class=\"header-team\">\n<figure class=\"wp-block-image size-large is-resized team-member_img text-right\"><img decoding=\"async\" loading=\"lazy\" class=\"alignnone wp-image-367 size-full\" src=\"https:\/\/cabinet-kangourou.fr\/wp-content\/uploads\/2020\/10\/leleizour_nathalie_200px.png\" alt=\"Nathalie Leleizour picture\" width=\"200\" height=\"200\" srcset=\"https:\/\/cabinet-kangourou.fr\/wp-content\/uploads\/2020\/10\/leleizour_nathalie_200px.png 200w, https:\/\/cabinet-kangourou.fr\/wp-content\/uploads\/2020\/10\/leleizour_nathalie_200px-150x150.png 150w\" sizes=\"(max-width: 200px) 100vw, 200px\" \/><\/figure>\n<p><!-- END Picture --><\/p>\n<div class=\"wp-block-group team-member_info title\">\n<div class=\"wp-block-group__inner-container\">\n<h2 class=\"text-right responsive-text-center clr-primary font_h2\">Nathalie LE LEIZOUR<\/h2>\n<h3 class=\"text-right responsive-text-center font_h2\">Kin\u00e9sit\u00e9rapeute Dipl\u00f4m\u00e9e d&rsquo;Etat<\/h3>\n<\/div>\n<\/div>\n<\/div>\n<p><!--Team member Informations --><\/p>\n<div class=\"wp-block-group team-member_info\">\n<div class=\"wp-block-group__inner-container\">\n<p class=\"text-justify font_text\">Dipl\u00f4m\u00e9e depuis 2008 en Masso-Kin\u00e9sith\u00e9rapie, j\u2019ai d\u00e9velopp\u00e9 mon engouement pour la r\u00e9\u00e9ducation p\u00e9diatrique d\u00e8s mes \u00e9tudes. J\u2019ai alors choisi de suivre des formations sp\u00e9cifiques depuis plus de 10 ans pour me sp\u00e9cialiser dans ce domaine et y d\u00e9dier 100% de mon activit\u00e9 professionnelle. Aujourd\u2019hui je m\u2019oriente plus particuli\u00e8rement dans la <strong>prise en charge pr\u00e9coce du nourrisson vuln\u00e9rable<\/strong> et l\u2019accompagnement de sa famille.<\/p>\n<p class=\"text-justify font_text\">Souhaitant transmettre ma passion et former nos futur.e.s coll\u00e8gues, je me suis \u00e9galement tourn\u00e9e vers l\u2019<strong>enseignement<\/strong> de la p\u00e9diatrie \u00e0 l\u2019IFMK et l\u2019\u00c9cole de Sages-femmes de Poitiers.<\/p>\n<p class=\"text-justify font_text\">La cr\u00e9ation d\u2019un cabinet pluridisciplinaire d\u00e9di\u00e9 \u00e0 la prise en charge du nourrisson et de l\u2019enfant me permet de r\u00e9aliser le r\u00eave que je cultive depuis le d\u00e9but : une volont\u00e9 forte de <strong>\u00ab Travailler Ensemble \u00bb<\/strong>, au sein d\u2019une m\u00eame structure, pour faciliter l\u2019\u00e9change et la compl\u00e9mentarit\u00e9 entre les Professionnel.le.s, l\u2019Enfant et sa Famille.<\/p>\n<ul class=\"font_list\">\n<li><strong>D.U de Rep\u00e9rage et prise en charge pr\u00e9coce du nourrisson vuln\u00e9rable<\/strong> (Toulouse 2019)<\/li>\n<li>D.U de Prise en Charge de la Douleur (Poitiers 2009)<\/li>\n<li><strong>Intervenante \u00e0 l\u2019IFMK<\/strong> de Poitiers pour le module de P\u00e9diatrie (cours th\u00e9oriques et pratiques)<\/li>\n<li><strong>Intervenante \u00e0 l\u2019Ecole de Sages-femmes<\/strong><\/li>\n<li>Formations en <strong>r\u00e9\u00e9ducation sensori-motrice<\/strong> et cha\u00eenes physiologiques de Busquet B\u00e9b\u00e9<\/li>\n<li>Formation Bobath B\u00e9b\u00e9<\/li>\n<li>Prise en charge des <strong>torticolis et plagioc\u00e9phalies<\/strong><\/li>\n<li>Prise en charge des <strong>malformations et malpositions du pied <\/strong>du nourrisson et de l\u2019enfant<\/li>\n<\/ul>\n<\/div>\n<\/div>\n<p><!--END Team member Informations --><\/p>\n<\/div>\n<p><!-- END Team Member --><\/p>\n<p><!-- Team Member Nathalie OLIVA --><\/p>\n<div class=\"team-member wp-block-group group1 left invisible\">\n<p><!-- team picture --><\/p>\n<div class=\"header-team\">\n<figure class=\"wp-block-image size-large is-resized team-member_img\"><img decoding=\"async\" loading=\"lazy\" class=\"alignnone wp-image-364 size-full\" src=\"https:\/\/cabinet-kangourou.fr\/wp-content\/uploads\/2020\/10\/oliva_nathalie_200px.png\" alt=\"Nathalie OLIVA picture kin\u00e9sith\u00e9rapie\" width=\"200\" height=\"200\" srcset=\"https:\/\/cabinet-kangourou.fr\/wp-content\/uploads\/2020\/10\/oliva_nathalie_200px.png 200w, https:\/\/cabinet-kangourou.fr\/wp-content\/uploads\/2020\/10\/oliva_nathalie_200px-150x150.png 150w\" sizes=\"(max-width: 200px) 100vw, 200px\" \/><\/figure>\n<div class=\"wp-block-group team-member_info title\">\n<div class=\"wp-block-group__inner-container\">\n<h2 class=\"text-left responsive-text-center clr-primary font_h2\">Nathalie OLIVA<\/h2>\n<h3 class=\"text-left responsive-text-center font_h2\">Kin\u00e9sit\u00e9rapeute Dipl\u00f4m\u00e9e d&rsquo;Etat<\/h3>\n<\/div>\n<\/div>\n<p><!-- END Picture --><\/p>\n<\/div>\n<p><!--Team member Informations --><\/p>\n<div class=\"wp-block-group team-member_info\">\n<div class=\"wp-block-group__inner-container\">\n<p class=\"text-justify font_text\">Masseur kin\u00e9sith\u00e9rapeute D.E depuis 1996, j&rsquo;exerce de 2001 \u00e0 2007 au sein de l&rsquo;Institut d\u2019\u00c9ducation Motrice de Biard, et depuis 2011 \u00e0 l<strong>&lsquo;Oasis<\/strong>, centre accueillant des enfants polyhandicap\u00e9s de 3 \u00e0 20 ans ainsi qu&rsquo;au<strong> jardin d&rsquo;enfants sp\u00e9cialis\u00e9<\/strong> (de 0 \u00e0 3 ans).<\/p>\n<p class=\"text-justify font_text\">Tr\u00e8s t\u00f4t au cours de mes \u00e9tudes, l&rsquo;aspect neurologique de la r\u00e9\u00e9ducation m\u2019int\u00e9resse et plus particuli\u00e8rement l&rsquo;<strong>accompagnement de l&rsquo;enfant porteur de handicap et de sa famille.<\/strong><\/p>\n<ul class=\"font_list\">\n<li>2001 \u00e0 2007 au sein de l&rsquo;Institut d\u2019\u00c9ducation Motrice de Biard, 2011 \u00e0 l&rsquo;Oasis, centre accueillant des enfants polyhandicap\u00e9s de 3 \u00e0 20 ans ainsi qu&rsquo;au Jardin d\u2019Enfants Sp\u00e9cialis\u00e9 (de 0 \u00e0 3 ans).<\/li>\n<li>Formation \u00e0 la <strong>r\u00e9\u00e9ducation des enfants et des adolescents c\u00e9r\u00e9broles\u00e9s<\/strong> selon le concept Bobath<\/li>\n<li>Formation aux niveaux d&rsquo;\u00e9volution motrice (Le Metayer)<\/li>\n<li>Formation \u00e0 la <strong>conception d&rsquo;appareillages provisoires<\/strong><\/li>\n<li>Formation \u00e0 la stimulation basale<\/li>\n<li>Prise en charge des <strong>torticolis et plagioc\u00e9phalies<\/strong><\/li>\n<li>Formation \u00e0 la <strong>sophrologie<\/strong><\/li>\n<\/ul>\n<\/div>\n<\/div>\n<p><!--END Team member Informations --><\/p>\n<\/div>\n<p><!-- END Team Member --><\/p>\n<p><!-- Team Member Julie SAULNIER --><\/p>\n<div class=\"team-member wp-block-group row-reverse group1 left invisible\">\n<p><!-- team picture --><\/p>\n<div class=\"header-team\">\n<figure class=\"wp-block-image size-large is-resized team-member_img text-right\"><img class=\"alignnone wp-image-372 size-full\" alt=\"Julie SAULNIER\" width=\"200\" height=\"200\" \/><\/figure>\n<p><!-- END Picture --><\/p>\n<div class=\"wp-block-group team-member_info title\">\n<div class=\"wp-block-group__inner-container\">\n<h2 class=\"text-right responsive-text-center clr-primary font_h2\">Julie SAULNIER<\/h2>\n<h3 class=\"text-right responsive-text-center font_h2\">Kin\u00e9sit\u00e9rapeute Dipl\u00f4m\u00e9e d&rsquo;Etat<\/h3>\n<\/div>\n<\/div>\n<\/div>\n<p><!--Team member Informations --><\/p>\n<div class=\"wp-block-group team-member_info\">\n<div class=\"wp-block-group__inner-container\">\n<p class=\"text-justify font_text\">EN COURS<\/p>\n<\/div>\n<\/div>\n<p><!--END Team member Informations --><\/p>\n<\/div>\n<p><!-- END Team Member --><\/p>\n<p><!-- Team Member Justine FREYER --><\/p>\n<div class=\"team-member wp-block-group group2 left invisible\">\n<p><!-- team picture --><\/p>\n<div class=\"header-team\">\n<figure class=\"wp-block-image size-large is-resized team-member_img\"><img decoding=\"async\" loading=\"lazy\" class=\"alignnone wp-image-371 size-full\" src=\"https:\/\/cabinet-kangourou.fr\/wp-content\/uploads\/2022\/08\/justine_rond_200px.png\" alt=\"Justine FREYER picture\" width=\"200\" height=\"200\" \/><\/figure>\n<div class=\"wp-block-group team-member_info title\">\n<div class=\"wp-block-group__inner-container\">\n<h2 class=\"text-left responsive-text-center clr-primary font_h2\">Justine FREYER<\/h2>\n<h3 class=\"text-left responsive-text-center font_h2\">Psychomotricienne Dipl\u00f4m\u00e9e d&rsquo;Etat<\/h3>\n<\/div>\n<\/div>\n<\/div>\n<p><!-- END Picture --><!--Team member Informations --><\/p>\n<div class=\"wp-block-group team-member_info\">\n<div class=\"wp-block-group__inner-container\">\n<p class=\"text-justify font_text\">Petite, je voulais travailler avec les enfants. Adolescente, la<strong>r\u00e9\u00e9ducation<\/strong> me faisait r\u00eaver. Puis, j\u2019ai d\u00e9couvert la <strong>psychomotricit\u00e9<\/strong>.<\/p>\n<p class=\"text-justify font_text\">Apr\u00e8s quelques ann\u00e9es d\u2019\u00e9tudes, me voil\u00e0, en 2019, psychomotricienne dipl\u00f4m\u00e9e \u00e0 l\u2019Institut de Formation aux M\u00e9tiers de la Sant\u00e9 de Mulhouse. J\u2019ai commenc\u00e9 \u00e0 travailler aupr\u00e8s d\u2019enfants et d\u2019adolescents accueillis en SESSAD et en IME, avant de m\u2019orienter vers l\u2019univers de la <strong>d\u00e9ficience sensorielle<\/strong>.<\/p>\n<p class=\"text-justify font_text\">Mes envies <strong>d\u2019exercer aupr\u00e8s de la petite enfance<\/strong> \u00e9tant toujours bien pr\u00e9sente, j\u2019ai d\u00e9cid\u00e9 de suivre ce chemin et de rejoindre l\u2019\u00e9quipe du Cabinet Kangourou.<\/p>\n<ul class=\"font_list\">\n<li><strong>SESSAD Petite Enfance<\/strong> (de 0 \u00e0 6ans) et <strong>IME<\/strong> (de 6 \u00e0 20ans) d\u2019octobre 2019 \u00e0 janvier 2021<\/li>\n<li>Depuis janvier 2021 : <strong>P\u00f4le Enfants de l\u2019APSA<\/strong>(Centre d\u2019\u00e9ducation Sp\u00e9cialis\u00e9e pour Sourds avec Handicaps Associ\u00e9s et Sourds-Aveugles)<\/li>\n<li>Formation \u00e0 la <strong>Stimulation Basale<\/strong> (approche qui permet d\u2019aller \u00e0 la rencontre de  personnes limit\u00e9es dans leurs capacit\u00e9s de perception et de communication)<\/li>\n<li>Formation <strong>Langue des Signes<\/strong> (niveau A2.1)<\/li>\n<\/ul>\n<\/div>\n<\/div>\n<p><!--END Team member Informations --><\/p>\n<\/div>\n<p><!-- END Team Member --><\/p>\n<p><!-- Team Member Valentine TUTARD --><\/p>\n<div class=\"team-member wp-block-group row-reverse group3 left invisible\">\n<p><!-- team picture --><\/p>\n<div class=\"header-team\">\n<figure class=\"wp-block-image size-large is-resized team-member_img text-left\"><img decoding=\"async\" loading=\"lazy\" class=\"alignnone wp-image-1074 size-full\" src=\"https:\/\/cabinet-kangourou.fr\/wp-content\/uploads\/2021\/06\/valentine_rond_200px.png\" alt=\"Valentine Tutard\" width=\"200\" height=\"201\" srcset=\"https:\/\/cabinet-kangourou.fr\/wp-content\/uploads\/2021\/06\/valentine_rond_200px.png 200w, https:\/\/cabinet-kangourou.fr\/wp-content\/uploads\/2021\/06\/valentine_rond_200px-150x150.png 150w\" sizes=\"(max-width: 200px) 100vw, 200px\" \/><\/figure>\n<div class=\"wp-block-group team-member_info title\">\n<div class=\"wp-block-group__inner-container\">\n<h2 class=\"text-left responsive-text-center clr-primary font_h2\">Valentine TUTARD<\/h2>\n<h3 class=\"text-left responsive-text-center font_h2\">Psychologue clinicienne \u2013 Psychoth\u00e9rapeute<\/h3>\n<\/div>\n<\/div>\n<\/div>\n<p><!-- END Picture --><!--Team member Informations --><\/p>\n<div class=\"wp-block-group team-member_info\">\n<div class=\"wp-block-group__inner-container\">\n<p class=\"text-justify font_text\">Les questions de <strong>psychologie p\u00e9rinatale<\/strong>, de <strong>parentalit\u00e9<\/strong> et de <strong>petite enfance<\/strong> ont toujours particuli\u00e8rement suscit\u00e9 mon int\u00e9r\u00eat. Je me suis alors sp\u00e9cialis\u00e9e dans ces domaines gr\u00e2ce \u00e0 des formations sp\u00e9cifiques et au travers de diff\u00e9rentes exp\u00e9riences professionnelles aupr\u00e8s de parents, de futurs parents, de parents endeuill\u00e9s, de nouveau-n\u00e9s et d\u2019enfants de tout \u00e2ge.<\/p>\n<p class=\"text-justify font_text\">Psychologue en p\u00e9rinatalit\u00e9, j\u2019ai une activit\u00e9 pr\u00e9ventive, de soutien psychologique et psychoth\u00e9rapeutique aux diff\u00e9rentes \u00e9tapes de la p\u00e9riode p\u00e9rinatale. Autrement dit, je peux accompagner les familles \u00e0 partir du <strong>d\u00e9sir de conception des parents<\/strong> et jusqu\u2019au <strong>bon grandissement de leurs enfants<\/strong>. L\u2019accompagnement concerne ainsi toutes les difficult\u00e9s qui touchent au devenir parent et \u00e0 la relation parent-enfants. Il s\u2019adresse aussi aux enfants qui pr\u00e9sentent des sympt\u00f4mes entravant leur d\u00e9veloppement physique et\/ou psychique.<\/p>\n<\/div>\n<\/div>\n<p><!--END Team member Informations --><\/p>\n<\/div>\n<p><!-- END Team Member --><\/p>\n<p><!-- Team Member Elodie BOUILLE --><\/p>\n<div class=\"team-member wp-block-group group4 left invisible\">\n<p><!-- team picture --><\/p>\n<div class=\"header-team\">\n<figure class=\"wp-block-image size-large is-resized team-member_img\"><img decoding=\"async\" loading=\"lazy\" class=\"alignnone wp-image-364 size-full\" src=\"https:\/\/cabinet-kangourou.fr\/wp-content\/uploads\/2022\/08\/elodie_rond_200px.png\" alt=\"\" width=\"200\" height=\"200\" \/><\/figure>\n<div class=\"wp-block-group team-member_info title\">\n<div class=\"wp-block-group__inner-container\">\n<h2 class=\"text-left responsive-text-center clr-primary font_h2\">Elodie BOUILLE<\/h2>\n<h3 class=\"text-left responsive-text-center font_h2\">Praticienne EFT, Int\u00e9gration des r\u00e9fexes archa\u00efques, brain gym<\/h3>\n<\/div>\n<\/div>\n<\/div>\n<p><!-- END Picture --><!--Team member Informations --><\/p>\n<div class=\"wp-block-group team-member_info\">\n<div class=\"wp-block-group__inner-container\">\n<p class=\"text-justify font_text\">Enseignante depuis 2005, je me suis dirig\u00e9e vers l\u2019<strong>enseignement sp\u00e9cialis\u00e9<\/strong> en 2011. Apr\u00e8s quatre ann\u00e9es en CLIS et une ann\u00e9e en RASED, j\u2019exerce aujourd\u2019hui en IME aupr\u00e8s d\u2019<strong>adolescents d\u00e9ficients intellectuels<\/strong>.<\/p>\n<p class=\"text-justify font_text\">Consciente que je manquais d\u2019outils pour comprendre les difficult\u00e9s de mes \u00e9l\u00e8ves et le mouvement \u00e9tant important \u00e0 mes yeux, j\u2019ai commenc\u00e9 \u00e0 me former \u00e0 diff\u00e9rentes techniques \u00e0 partir de 2015\u00a0:<strong> Brain Gym, Int\u00e9gration des R\u00e9flexes Archa\u00efques, EFT.<\/strong><\/p>\n<p class=\"text-justify font_text\">En parall\u00e8le de mon m\u00e9tier d\u2019enseignante, j\u2019accompagne des enfants en s\u00e9ance individuelle (et des adultes dans mon bureau de Nouaill\u00e9 Maupertuis) pour les aider \u00e0 surmonter diff\u00e9rentes <strong>probl\u00e9matiques\u00a0: posturales, \u00e9motionnelles ou cognitives.<\/strong><\/p>\n<p class=\"text-justify font_text\">C\u2019est avec beaucoup de joie que j\u2019int\u00e8gre l\u2019\u00e9quipe du cabinet kangourou, le <strong>travail pluridisciplinaire<\/strong> \u00e9tant important \u00e0 mes yeux.<\/p>\n<ul class=\"font_list\">\n<li>2005\u00a0: Titularis\u00e9e en tant que professeur des \u00e9coles.<\/li>\n<li>2013\u00a0: Obtention de l\u2019option D du CAPA-SH (enseignante sp\u00e9cialis\u00e9e pour les enfants pr\u00e9sentant une d\u00e9ficience intellectuelle).<\/li>\n<li>2016\u00a0: Obtention de l\u2019option E du CAPA-SH (enseignante sp\u00e9cialis\u00e9e pour les enfants en grande difficult\u00e9 scolaire).<\/li>\n<li>2015 \u00e0 2018\u00a0: Formations Brain Gym et RMTi.<\/li>\n<li>2018\u00a0: Obtention de la certification pour devenir consultante RMTi (pour l\u2019int\u00e9gration neurosensorielle des r\u00e9flexes archa\u00efques).<\/li>\n<li>2019\u00a0: Cr\u00e9ation de ma micro-entreprise \u00ab\u00a0Mouvement et Plaisir d\u2019Apprendre\u00a0\u00bb.<\/li>\n<li>2019 \u00e0 2022\u00a0: Nouvelles formations RMTi et EFT.<\/li>\n<li>A venir : Novembre 2022 : Formation avec Arc-en-flex \u00ab M\u00e9thodologie pr\u00e9ventive des r\u00e9flexes de la maternit\u00e9 \u00bb.<\/li>\n<\/ul>\n<\/div>\n<\/div>\n<p><!-- Team Member Ana\u00efs Dubois --><\/p>\n<div class=\"team-member wp-block-group group4 right invisible\">\n<p><!-- team picture --><\/p>\n<div class=\"header-team\">\n<figure class=\"wp-block-image size-large is-resized team-member_img\"><img class=\"alignnone wp-image-364 size-full\" alt=\"\" width=\"200\" height=\"200\" \/><\/figure>\n<div class=\"wp-block-group team-member_info title\">\n<div class=\"wp-block-group__inner-container\">\n<h2 class=\"text-right responsive-text-center clr-primary font_h2\">Ana\u00efs Dubois<\/h2>\n<h3 class=\"text-right responsive-text-center font_h2\">Psychologue,<br \/>\nformatrice dans le m\u00e9dico-social<br \/>\net la petite enfance<\/h3>\n<\/div>\n<\/div>\n<\/div>\n<div class=\"wp-block-group team-member_info\">\n<div class=\"wp-block-group__inner-container\">\n<p class=\"text-justify font_text\">Dipl\u00f4m\u00e9e en tant que psychologue clinicienne en 2008, j&rsquo;ai exerc\u00e9 pendant 10 ans dans le champ du handicap psychique, sensoriel, moteur et intellectuel au sein de diff\u00e9rentes structures.<\/p>\n<p class=\"text-justify font_text\">Et puis, je suis devenue maman et ma disponibilit\u00e9 psychique et mon \u00e9nergie pour ce m\u00e9tier, n&rsquo;\u00e9taient plus les m\u00eames.<\/p>\n<p class=\"text-justify font_text\">10 ans, c&rsquo;est un cycle, je souhaitais d\u00e9sormais me mobiliser diff\u00e9remment.<\/p>\n<p class=\"text-justify font_text\">J&rsquo;ai donc effectu\u00e9 une formation de formatrice en 2020 et cr\u00e9\u00e9 mon entreprise de formation \u00ab\u00a0Graines d&rsquo;Essentiel\u00a0\u00bb. Je propose des \u00ab\u00a0Formations semeuses d&#8217;empathie\u00a0\u00bb:<br \/>\n\u00ab\u00a0Appr\u00e9hender une patient\u00e8le sourde ou malentendante\u00a0\u00bb, \u00ab\u00a0St\u00e9r\u00e9otypes de Genre\u00a0\u00bb, \u00ab\u00a0B\u00e9b\u00e9 signes\u00a0\u00bb&#8230;<\/p>\n<p class=\"text-justify font_text\">Et, sur certaines prestations en partenariat, je garde ma casquette de psy (soutien du post-partum en visio, stage autour de l&rsquo;hypersensibilit\u00e9 avec les chevaux).<\/p>\n<p class=\"text-justify font_text\">Bilingue en langue des signes et d\u00e9sireuse de sensibiliser \u00e0 la culture sourde, mon abord des \u00ab\u00a0B\u00e9b\u00e9 signes\u00a0\u00bb est engag\u00e9 et agr\u00e9ment\u00e9 \u00e9galement de notions de psychologie (autour des \u00e9motions par exemple). N\u00e9anmoins, cela se fait dans un cadre ludique o\u00f9 l&rsquo;on rigole.<\/p>\n<\/div>\n<\/div>\n<p><!-- Team Member Priscillia CARRE --><\/p>\n<div class=\"team-member wp-block-group group4 left invisible\">\n<p><!-- team picture --><\/p>\n<div class=\"header-team\">\n<figure class=\"wp-block-image size-large is-resized team-member_img\"><img decoding=\"async\" loading=\"lazy\" class=\"alignnone wp-image-364 size-full\" src=\"https:\/\/cabinet-kangourou.fr\/wp-content\/uploads\/2023\/03\/photo-priscillia-carre-300x300.png\" alt=\"\" width=\"200\" height=\"200\" \/><\/figure>\n<div class=\"wp-block-group team-member_info title\">\n<div class=\"wp-block-group__inner-container\">\n<h2 class=\"text-left responsive-text-center clr-primary font_h2\">Priscillia CARRE<\/h2>\n<h3 class=\"text-left responsive-text-center font_h2\">animatrice en soutien \u00e0 la parentalit\u00e9<\/h3>\n<\/div>\n<\/div>\n<\/div>\n<p><!-- END Picture --><!--Team member Informations --><\/p>\n<div class=\"wp-block-group team-member_info\">\n<div class=\"wp-block-group__inner-container\">\n<p class=\"text-justify font_text\">J&rsquo;ai d\u00e9but\u00e9 mon exp\u00e9rience professionnelle en centre de loisirs de 2002 \u00e0 2005, avec le BAFA Petite Enfance en 2003.<\/p>\n<p class=\"text-justify font_text\">Je suis animatrice en cr\u00e8che depuis l&rsquo;obtention de mon CAP Petite Enfance en 2005, form\u00e9e en \u00e9quipe et individuellement sur les th\u00e8mes suivants : D\u00e9crypter les besoins de l&rsquo;enfants, g\u00e9rer l&rsquo;agressivit\u00e9, Snoezelen, relaxation et respiration, la bientraitance, puis animatrice dans les ateliers propos\u00e9s.<\/p>\n<p class=\"text-justify font_text\">Je d\u00e9veloppe mon auto entreprise <strong>Zen eveil<\/strong> en Mars 2022.<\/p>\n<p class=\"text-justify font_text\">J&rsquo;interviens en cr\u00e8che et en Relais petite enfance en ateliers enfants et professionnels. Je propose aussi des ateliers parents-enfants r\u00e9guli\u00e8rement en groupe sur Poitiers et \u00e0 domicile.<\/p>\n<p class=\"text-justify font_text\">Je suis animatrice en soutien \u00e0 la parentalit\u00e9, J&rsquo;ai une formation certifiante pour animer des ateliers :<\/p>\n<ul class=\"font_list\">\n<li style=\"list-style-type: none;\">\n<ul class=\"font_list\">\n<li>Eveil et bien-\u00eatre b\u00e9b\u00e9-enfant en <strong>MASSAGE<\/strong><\/li>\n<li>Atelier<strong> YOGA <\/strong>et relaxation enfant<\/li>\n<li>Atelier <strong>EVEIL<\/strong> b\u00e9b\u00e9-enfant moteur musical et artistique<\/li>\n<li><strong>SOPHROLOGIE<\/strong> par le jeu : Niveau 1 et 2<\/li>\n<\/ul>\n<\/li>\n<\/ul>\n<p class=\"text-justify font_text\">J&rsquo;ai une page Facebook zen eveil : <a href=\"https:\/\/www.facebook.com\/priscillia86\">https:\/\/www.facebook.com\/priscillia86<\/a><\/p>\n<p class=\"text-justify font_text\">Je me suis en effet orient\u00e9 vers le bien-\u00eatre, c&rsquo;est pour moi l&rsquo;essentiel : partage, d\u00e9tente, d\u00e9couverte en profitant du moment pr\u00e9sent ensemble. Les liens parents-enfants doivent \u00eatre renforc\u00e9s et soutenus, en confiance et bienveillance.<\/p>\n<\/div>\n<\/div>\n<p><!--END Team member Informations --><\/p>\n<\/div>\n<p><!-- END Team Member --><\/p>\n<\/div>\n<\/div>\n","protected":false},"excerpt":{"rendered":"<p>Kin\u00e9sith\u00e9rapeutes Psychomotricienne Psychologue Intervenants &nbsp; Morgane DORE Kin\u00e9sit\u00e9rapeute Dipl\u00f4m\u00e9e d&rsquo;Etat Ayant toujours souhait\u00e9 travailler pour le bien-\u00eatre d&rsquo;autrui et particuli\u00e8rement aupr\u00e8s d&rsquo;enfants et nouveaux-n\u00e9s; c&rsquo;est apr\u00e8s la premi\u00e8re ann\u00e9e de m\u00e9decine que j&rsquo;ai d\u00e9cid\u00e9 de m&rsquo;orienter vers la kin\u00e9sith\u00e9rapie. Ma formation m&rsquo;a permis de d\u00e9couvrir diff\u00e9rents aspects de ce m\u00e9tier et cela m&rsquo;a confort\u00e9 dans &hellip; <a href=\"https:\/\/cabinet-kangourou.fr\/index.php\/team\/\" class=\"more-link\">Continuer la lecture de <span class=\"screen-reader-text\">L&rsquo;\u00e9quipe<\/span> <span class=\"meta-nav\">&rarr;<\/span><\/a><\/p>\n","protected":false},"author":2,"featured_media":0,"parent":0,"menu_order":0,"comment_status":"closed","ping_status":"closed","template":"","meta":{"footnotes":"","_mc_calendar":[]},"_links":{"self":[{"href":"https:\/\/cabinet-kangourou.fr\/index.php\/wp-json\/wp\/v2\/pages\/8"}],"collection":[{"href":"https:\/\/cabinet-kangourou.fr\/index.php\/wp-json\/wp\/v2\/pages"}],"about":[{"href":"https:\/\/cabinet-kangourou.fr\/index.php\/wp-json\/wp\/v2\/types\/page"}],"author":[{"embeddable":true,"href":"https:\/\/cabinet-kangourou.fr\/index.php\/wp-json\/wp\/v2\/users\/2"}],"replies":[{"embeddable":true,"href":"https:\/\/cabinet-kangourou.fr\/index.php\/wp-json\/wp\/v2\/comments?post=8"}],"version-history":[{"count":231,"href":"https:\/\/cabinet-kangourou.fr\/index.php\/wp-json\/wp\/v2\/pages\/8\/revisions"}],"predecessor-version":[{"id":1282,"href":"https:\/\/cabinet-kangourou.fr\/index.php\/wp-json\/wp\/v2\/pages\/8\/revisions\/1282"}],"wp:attachment":[{"href":"https:\/\/cabinet-kangourou.fr\/index.php\/wp-json\/wp\/v2\/media?parent=8"}],"curies":[{"name":"wp","href":"https:\/\/api.w.org\/{rel}","templated":true}]}}